{"id":1784,"date":"2022-02-24T14:11:37","date_gmt":"2022-02-24T14:11:37","guid":{"rendered":"https:\/\/elearning.netiquetteproject.eu\/home\/"},"modified":"2023-11-24T22:03:47","modified_gmt":"2023-11-24T22:03:47","slug":"home","status":"publish","type":"page","link":"https:\/\/www.elearning.netiquetteproject.eu\/cs\/","title":{"rendered":"Home"},"content":{"rendered":"<h1>Z\u00e1klady pro podporu \u201cnetikety v digit\u00e1ln\u00ed dob\u011b<\/h1>\n<div>\n<p>        <img decoding=\"async\" src=\"\/wp-content\/uploads\/2022\/11\/framework-cover.png\" alt=\"R\u00e1mec kompetenc\u00ed\"><\/p>\n<h2>R\u00e1mec kompetenc\u00ed<\/h2>\n<p><a href=\"\/wp-content\/uploads\/flipbooks\/CZ\/index.html\"><\/a><\/p>\n<\/div>\n<div>\n<p>        <img decoding=\"async\" src=\"\/wp-content\/uploads\/2022\/11\/mooc-cover.png\" alt=\"\"><\/p>\n<\/div>\n<div>\n<p>        <img decoding=\"async\" src=\"\/wp-content\/uploads\/2022\/11\/infographics-cover.png\" alt=\"\"><\/p>\n<\/div>\n<div>\n<p>        <img decoding=\"async\" src=\"\/wp-content\/uploads\/2022\/11\/oer-cover.png\" alt=\"Otev\u0159en\u00e9 zdroje pro vzd\u011bl\u00e1v\u00e1n\u00ed\"><\/p>\n<h2>Otev\u0159en\u00e9 zdroje pro vzd\u011bl\u00e1v\u00e1n\u00ed<\/h2>\n<p><a href=\"\/cz\/open-educational-resources\"><\/a><\/p>\n<\/div>\n<p><!--more--><br \/>\n<!-- {\"type\":\"layout\",\"children\":[{\"type\":\"section\",\"props\":{\"style\":\"default\",\"width\":\"default\",\"vertical_align\":\"middle\",\"title_position\":\"top-left\",\"title_rotation\":\"left\",\"title_breakpoint\":\"xl\",\"image_position\":\"center-center\",\"class\":\"\",\"height\":\"expand\",\"image\":\"wp-content\\\/uploads\\\/2022\\\/11\\\/body-background-10.png\",\"image_size\":\"width-1-1\"},\"children\":[{\"type\":\"row\",\"children\":[{\"type\":\"column\",\"props\":{\"position_sticky_breakpoint\":\"m\",\"image_position\":\"center-center\",\"media_overlay_gradient\":\"\",\"width_medium\":\"\"},\"children\":[{\"type\":\"headline\",\"props\":{\"title_element\":\"h1\",\"content\":\"Z\\u00e1klady pro podporu \\u201cnetikety v digit\\u00e1ln\\u00ed dob\\u011b\",\"title_style\":\"heading-small\",\"text_align\":\"center\",\"title_color\":\"primary\",\"css\":\".el-element{\\n\\tfont-weight: 600;\\n}\"}}]}],\"props\":{\"margin\":\"medium\"}},{\"type\":\"row\",\"props\":{\"layout\":\"1-2,1-2\",\"match\":true,\"class\":\"courses-row\"},\"children\":[{\"type\":\"column\",\"props\":{\"position_sticky_breakpoint\":\"m\",\"image_position\":\"center-center\",\"media_overlay_gradient\":\"\",\"width_medium\":\"1-2\"},\"children\":[{\"type\":\"panel\",\"props\":{\"link_text\":\"\",\"title_hover_style\":\"reset\",\"title_element\":\"h2\",\"title_align\":\"top\",\"title_grid_width\":\"1-2\",\"title_grid_breakpoint\":\"m\",\"meta_style\":\"meta\",\"meta_align\":\"below-title\",\"meta_element\":\"div\",\"content_column_breakpoint\":\"m\",\"icon_width\":80,\"image_align\":\"top\",\"image_grid_width\":\"1-2\",\"image_grid_breakpoint\":\"m\",\"image_svg_color\":\"emphasis\",\"link_style\":\"default\",\"margin\":\"default\",\"css\":\".el-element{\\n\\tborder-top: 1px solid #5666ab!important;\\n    border-right: 1px solid #5666ab!important;\\n    box-shadow: -2.2252px 2.2252px 2.2252px 0 #00000040;\\n    transition: all .25s;\\n    position: relative;\\n    top: 0;\\n}\\n.el-element:hover{\\n    top: -2px;\\n\\tborder: 3px solid #5666ab;\\n}\",\"title_style\":\"h3\",\"text_align\":\"center\",\"panel_padding\":\"small\",\"panel_link\":true,\"panel_style\":\"card-default\",\"title\":\"R\\u00e1mec kompetenc\\u00ed\",\"image\":\"wp-content\\\/uploads\\\/2022\\\/11\\\/framework-cover.png\",\"image_alt\":\"R\\u00e1mec kompetenc\\u00ed\",\"link_target\":true,\"link\":\"\\\/wp-content\\\/uploads\\\/flipbooks\\\/CZ\\\/index.html\"},\"name\":\"\"}]},{\"type\":\"column\",\"props\":{\"position_sticky_breakpoint\":\"m\",\"image_position\":\"center-center\",\"media_overlay_gradient\":\"\",\"width_medium\":\"1-2\"},\"children\":[{\"type\":\"panel\",\"props\":{\"link_text\":\"\",\"title_hover_style\":\"reset\",\"title_element\":\"h2\",\"title_align\":\"top\",\"title_grid_width\":\"1-2\",\"title_grid_breakpoint\":\"m\",\"meta_style\":\"meta\",\"meta_align\":\"below-title\",\"meta_element\":\"div\",\"content_column_breakpoint\":\"m\",\"icon_width\":80,\"image_align\":\"top\",\"image_grid_width\":\"1-2\",\"image_grid_breakpoint\":\"m\",\"image_svg_color\":\"emphasis\",\"link_style\":\"default\",\"margin\":\"default\",\"css\":\".el-element{\\n\\tborder-top: 1px solid #5666ab!important;\\n    border-right: 1px solid #5666ab!important;\\n    box-shadow: -2.2252px 2.2252px 2.2252px 0 #00000040;\\n    transition: all .25s;\\n    position: relative;\\n    top: 0;\\n}\\n.el-element:hover{\\n    top: -2px;\\n\\tborder: 3px solid #5666ab;\\n}\",\"title_style\":\"h3\",\"text_align\":\"center\",\"panel_padding\":\"small\",\"panel_link\":true,\"panel_style\":\"card-default\",\"image\":\"wp-content\\\/uploads\\\/2022\\\/11\\\/mooc-cover.png\"},\"source\":{\"query\":{\"name\":\"sfwdCoursess.customSfwdCourses\",\"arguments\":{\"terms\":[],\"ld_course_category_operator\":\"IN\",\"ld_course_tag_operator\":\"IN\",\"users\":[],\"users_operator\":\"IN\",\"offset\":0,\"order\":\"date\",\"order_direction\":\"DESC\",\"id\":1150}},\"props\":{\"title\":{\"filters\":{\"search\":\"\"},\"name\":\"title\"},\"link\":{\"filters\":{\"search\":\"\"},\"name\":\"link\"},\"image_alt\":{\"filters\":{\"search\":\"\"},\"name\":\"title\"}}}}]}]},{\"type\":\"row\",\"props\":{\"layout\":\"1-2,1-2\",\"match\":true,\"class\":\"courses-row\",\"width\":\"default\",\"padding_remove_horizontal\":false},\"children\":[{\"type\":\"column\",\"props\":{\"position_sticky_breakpoint\":\"m\",\"image_position\":\"center-center\",\"media_overlay_gradient\":\"\",\"width_medium\":\"1-2\"},\"children\":[{\"type\":\"panel\",\"props\":{\"link_text\":\"\",\"title_hover_style\":\"reset\",\"title_element\":\"h2\",\"title_align\":\"top\",\"title_grid_width\":\"1-2\",\"title_grid_breakpoint\":\"m\",\"meta_style\":\"meta\",\"meta_align\":\"below-title\",\"meta_element\":\"div\",\"content_column_breakpoint\":\"m\",\"icon_width\":80,\"image_align\":\"top\",\"image_grid_width\":\"1-2\",\"image_grid_breakpoint\":\"m\",\"image_svg_color\":\"emphasis\",\"link_style\":\"default\",\"margin\":\"default\",\"css\":\".el-element{\\n\\tborder-top: 1px solid #5666ab!important;\\n    border-right: 1px solid #5666ab!important;\\n    box-shadow: -2.2252px 2.2252px 2.2252px 0 #00000040;\\n    transition: all .25s;\\n    position: relative;\\n    top: 0;\\n}\\n.el-element:hover{\\n    top: -2px;\\n\\tborder: 3px solid #5666ab;\\n}\",\"title_style\":\"h3\",\"text_align\":\"center\",\"panel_padding\":\"small\",\"panel_link\":true,\"panel_style\":\"card-default\",\"image\":\"wp-content\\\/uploads\\\/2022\\\/11\\\/infographics-cover.png\",\"link_target\":false},\"source\":{\"query\":{\"name\":\"sfwdCoursess.customSfwdCourses\",\"arguments\":{\"terms\":[],\"ld_course_category_operator\":\"IN\",\"ld_course_tag_operator\":\"IN\",\"users\":[],\"users_operator\":\"IN\",\"offset\":0,\"order\":\"date\",\"order_direction\":\"DESC\",\"id\":1143}},\"props\":{\"title\":{\"filters\":{\"search\":\"\"},\"name\":\"title\"},\"image_alt\":{\"filters\":{\"search\":\"\"},\"name\":\"title\"},\"link\":{\"filters\":{\"search\":\"\"},\"name\":\"link\"}}}}]},{\"type\":\"column\",\"props\":{\"position_sticky_breakpoint\":\"m\",\"image_position\":\"center-center\",\"media_overlay_gradient\":\"\",\"width_medium\":\"1-2\"},\"children\":[{\"type\":\"panel\",\"props\":{\"link_text\":\"\",\"title_hover_style\":\"reset\",\"title_element\":\"h2\",\"title_align\":\"top\",\"title_grid_width\":\"1-2\",\"title_grid_breakpoint\":\"m\",\"meta_style\":\"meta\",\"meta_align\":\"below-title\",\"meta_element\":\"div\",\"content_column_breakpoint\":\"m\",\"icon_width\":80,\"image_align\":\"top\",\"image_grid_width\":\"1-2\",\"image_grid_breakpoint\":\"m\",\"image_svg_color\":\"emphasis\",\"link_style\":\"default\",\"margin\":\"default\",\"css\":\".el-element{\\n\\tborder-top: 1px solid #5666ab!important;\\n    border-right: 1px solid #5666ab!important;\\n    box-shadow: -2.2252px 2.2252px 2.2252px 0 #00000040;\\n    transition: all .25s;\\n    position: relative;\\n    top: 0;\\n}\\n.el-element:hover{\\n    top: -2px;\\n\\tborder: 3px solid #5666ab;\\n}\",\"title_style\":\"h3\",\"text_align\":\"center\",\"panel_padding\":\"small\",\"panel_link\":true,\"panel_style\":\"card-default\",\"title\":\"Otev\\u0159en\\u00e9 zdroje pro vzd\\u011bl\\u00e1v\\u00e1n\\u00ed\",\"image\":\"wp-content\\\/uploads\\\/2022\\\/11\\\/oer-cover.png\",\"image_alt\":\"Otev\\u0159en\\u00e9 zdroje pro vzd\\u011bl\\u00e1v\\u00e1n\\u00ed\",\"link\":\"\\\/cz\\\/open-educational-resources\"},\"name\":\"\"}]}]}]}],\"version\":\"2.7.22\"} --><\/p>\n","protected":false},"excerpt":{"rendered":"<p>Z\u00e1klady pro podporu \u201cnetikety v digit\u00e1ln\u00ed dob\u011b R\u00e1mec kompetenc\u00ed Otev\u0159en\u00e9 zdroje pro vzd\u011bl\u00e1v\u00e1n\u00ed<\/p>\n","protected":false},"author":1,"featured_media":0,"parent":0,"menu_order":0,"comment_status":"closed","ping_status":"closed","template":"","meta":{"_acf_changed":false,"footnotes":""},"class_list":["post-1784","page","type-page","status-publish","hentry"],"acf":[],"_links":{"self":[{"href":"https:\/\/www.elearning.netiquetteproject.eu\/cs\/wp-json\/wp\/v2\/pages\/1784","targetHints":{"allow":["GET"]}}],"collection":[{"href":"https:\/\/www.elearning.netiquetteproject.eu\/cs\/wp-json\/wp\/v2\/pages"}],"about":[{"href":"https:\/\/www.elearning.netiquetteproject.eu\/cs\/wp-json\/wp\/v2\/types\/page"}],"author":[{"embeddable":true,"href":"https:\/\/www.elearning.netiquetteproject.eu\/cs\/wp-json\/wp\/v2\/users\/1"}],"replies":[{"embeddable":true,"href":"https:\/\/www.elearning.netiquetteproject.eu\/cs\/wp-json\/wp\/v2\/comments?post=1784"}],"version-history":[{"count":5,"href":"https:\/\/www.elearning.netiquetteproject.eu\/cs\/wp-json\/wp\/v2\/pages\/1784\/revisions"}],"predecessor-version":[{"id":1855,"href":"https:\/\/www.elearning.netiquetteproject.eu\/cs\/wp-json\/wp\/v2\/pages\/1784\/revisions\/1855"}],"wp:attachment":[{"href":"https:\/\/www.elearning.netiquetteproject.eu\/cs\/wp-json\/wp\/v2\/media?parent=1784"}],"curies":[{"name":"wp","href":"https:\/\/api.w.org\/{rel}","templated":true}]}}